{"id":96,"date":"2024-11-24T14:30:55","date_gmt":"2024-11-24T14:30:55","guid":{"rendered":"https:\/\/viherkaine.fi\/public_html\/index.php\/viherkasvit\/"},"modified":"2025-01-19T12:08:06","modified_gmt":"2025-01-19T12:08:06","slug":"viherkasvit","status":"publish","type":"page","link":"https:\/\/viherkaine.fi\/?page_id=96","title":{"rendered":"VIHERKASVIT"},"content":{"rendered":"<div class=\"\" style=\"\" >\n    \n    <section class=\"u-clearfix u-image u-shading u-section-2\" id=\"carousel_e909\" src=\"\" data-image-width=\"1179\" data-image-height=\"1390\" data-animation-name=\"\" data-animation-duration=\"0\" data-animation-delay=\"0\" data-animation-direction=\"\" style=\"background-image: linear-gradient(0deg, rgba(0, 0, 0, 0.2), rgba(0, 0, 0, 0.2)), url(&quot;https:\/\/viherkaine.fi\/wp-content\/uploads\/2024\/11\/2131365f-60c8-443b-ad0b-aa25101d878e.jpg&quot;);\">\n      <div class=\"u-clearfix u-sheet u-sheet-1\">\n        <h2 class=\"u-align-left u-custom-font u-font-playfair-display u-text u-text-default-lg u-text-default-md u-text-default-sm u-text-default-xl u-text-white u-text-1\" data-animation-name=\"\" data-animation-duration=\"0\" data-animation-delay=\"0\" data-animation-direction=\"\"> Viherkasveja ymp\u00e4ri vuoden<\/h2>\n      <\/div>\n    <\/section>\n    <section class=\"u-clearfix u-custom-color-18 u-section-3\" id=\"sec-f811\">\n      <div class=\"u-clearfix u-sheet u-valign-middle-xs u-sheet-1\">\n        <p class=\"u-align-center u-large-text u-text u-text-custom-color-3 u-text-variant u-text-1\"> Valikoimaamme kuuluvat perinteiset ja joskus v\u00e4h\u00e4n eksoottisemmatkin viherkasvit.<br>Myym\u00e4l\u00e4ss\u00e4 kasvavat &nbsp;valtavat palmut, banaanit, persikat, huonekuuset ja viikunat.<br>Tervetuloa&nbsp; tutustumaan! \n        <\/p>\n      <\/div>\n    <\/section>\n    \n    \n    \n  \n<\/div>","protected":false},"excerpt":{"rendered":"<p>Viherkasveja ymp\u00e4ri vuoden Valikoimaamme kuuluvat perinteiset ja joskus v\u00e4h\u00e4n eksoottisemmatkin viherkasvit.Myym\u00e4l\u00e4ss\u00e4 kasvavat &nbsp;valtavat palmut, banaanit, persikat, huonekuuset ja viikunat.Tervetuloa&nbsp; tutustumaan!<\/p>\n","protected":false},"author":1,"featured_media":0,"parent":0,"menu_order":6,"comment_status":"closed","ping_status":"closed","template":"","meta":{"footnotes":""},"class_list":["post-96","page","type-page","status-publish","hentry"],"_links":{"self":[{"href":"https:\/\/viherkaine.fi\/index.php?rest_route=\/wp\/v2\/pages\/96","targetHints":{"allow":["GET"]}}],"collection":[{"href":"https:\/\/viherkaine.fi\/index.php?rest_route=\/wp\/v2\/pages"}],"about":[{"href":"https:\/\/viherkaine.fi\/index.php?rest_route=\/wp\/v2\/types\/page"}],"author":[{"embeddable":true,"href":"https:\/\/viherkaine.fi\/index.php?rest_route=\/wp\/v2\/users\/1"}],"replies":[{"embeddable":true,"href":"https:\/\/viherkaine.fi\/index.php?rest_route=%2Fwp%2Fv2%2Fcomments&post=96"}],"version-history":[{"count":1,"href":"https:\/\/viherkaine.fi\/index.php?rest_route=\/wp\/v2\/pages\/96\/revisions"}],"predecessor-version":[{"id":112,"href":"https:\/\/viherkaine.fi\/index.php?rest_route=\/wp\/v2\/pages\/96\/revisions\/112"}],"wp:attachment":[{"href":"https:\/\/viherkaine.fi\/index.php?rest_route=%2Fwp%2Fv2%2Fmedia&parent=96"}],"curies":[{"name":"wp","href":"https:\/\/api.w.org\/{rel}","templated":true}]}}