{"id":95,"date":"2024-11-24T14:30:54","date_gmt":"2024-11-24T14:30:54","guid":{"rendered":"https:\/\/viherkaine.fi\/public_html\/index.php\/sisustus-ja-lahjat\/"},"modified":"2026-03-06T11:09:04","modified_gmt":"2026-03-06T09:09:04","slug":"sisustus-ja-lahjat","status":"publish","type":"page","link":"https:\/\/viherkaine.fi\/?page_id=95","title":{"rendered":"SISUSTUS JA LAHJAT"},"content":{"rendered":"<div class=\"\" style=\"\" >\n    \n    <section class=\"u-align-center u-clearfix u-container-align-center u-custom-color-19 u-section-2\" src=\"\" data-image-width=\"1080\" data-image-height=\"1080\" id=\"sec-b8bf\">\n      <div class=\"u-clearfix u-sheet u-sheet-1\">\n        <h1 class=\"u-align-center u-text u-text-default u-text-1\">Sesongin upeimmat lahjat ja<br>&nbsp;sisustustuotteet \n        <\/h1>\n        <p class=\"u-align-center u-custom-font u-font-roboto-condensed u-text u-text-2\"> Sisustuskaupassa on alati vaihtuvia trendikk\u00e4it\u00e4 l\u00f6yt\u00f6j\u00e4 maailmalta.<\/p>\n        <div class=\"u-expanded-width-lg u-expanded-width-md u-expanded-width-sm u-expanded-width-xs u-gallery u-layout-grid u-lightbox u-show-text-on-hover u-gallery-1\">\n          <div class=\"u-gallery-inner u-gallery-inner-1\">\n            <div class=\"u-effect-fade u-gallery-item\">\n              <div class=\"u-back-slide\" data-image-width=\"1536\" data-image-height=\"2048\">\n                <img decoding=\"async\" class=\"u-back-image u-expanded\" src=\"https:\/\/viherkaine.fi\/wp-content\/uploads\/2024\/11\/IMG_8267-1536x2048.jpg\">\n              <\/div>\n              <div class=\"u-over-slide u-shading u-over-slide-1\"><\/div>\n            <\/div>\n            <div class=\"u-effect-fade u-gallery-item\">\n              <div class=\"u-back-slide\" data-image-width=\"1080\" data-image-height=\"1080\">\n                <img decoding=\"async\" class=\"u-back-image u-expanded\" src=\"https:\/\/viherkaine.fi\/wp-content\/uploads\/2025\/01\/7DF6B3D9-3909-4F61-8512-4025C702E085.png\">\n              <\/div>\n              <div class=\"u-over-slide u-shading u-over-slide-2\"><\/div>\n            <\/div>\n            <div class=\"u-effect-fade u-gallery-item\">\n              <div class=\"u-back-slide\" data-image-width=\"3024\" data-image-height=\"3395\">\n                <img decoding=\"async\" class=\"u-back-image u-expanded\" src=\"https:\/\/viherkaine.fi\/wp-content\/uploads\/2025\/01\/IMG_2006-scaled.jpg\">\n              <\/div>\n              <div class=\"u-over-slide u-shading u-over-slide-3\"><\/div>\n            <\/div>\n            <div class=\"u-effect-fade u-gallery-item\">\n              <div class=\"u-back-slide\" data-image-width=\"3024\" data-image-height=\"3024\">\n                <img decoding=\"async\" class=\"u-back-image u-expanded\" src=\"https:\/\/viherkaine.fi\/wp-content\/uploads\/2025\/01\/IMG_9085-scaled.jpg\">\n              <\/div>\n              <div class=\"u-over-slide u-shading u-over-slide-4\"><\/div>\n            <\/div>\n            <div class=\"u-effect-fade u-gallery-item\">\n              <div class=\"u-back-slide\" data-image-width=\"3000\" data-image-height=\"4000\">\n                <img decoding=\"async\" class=\"u-back-image u-expanded\" src=\"https:\/\/viherkaine.fi\/wp-content\/uploads\/2025\/01\/IMG_15851-4-scaled.jpg\">\n              <\/div>\n              <div class=\"u-over-slide u-shading u-over-slide-5\"><\/div>\n            <\/div>\n            <div class=\"u-effect-fade u-gallery-item\">\n              <div class=\"u-back-slide\" data-image-width=\"1080\" data-image-height=\"1080\">\n                <img decoding=\"async\" class=\"u-back-image u-expanded\" src=\"https:\/\/viherkaine.fi\/wp-content\/uploads\/2024\/11\/Untitleddesign41.jpg\">\n              <\/div>\n              <div class=\"u-over-slide u-shading u-over-slide-6\"><\/div>\n            <\/div>\n          <\/div>\n        <\/div>\n        <h2 class=\"u-align-center u-text u-text-body-alt-color u-text-default u-text-3\">Lahjakortti&nbsp;<br>\n        <\/h2>\n      <\/div>\n    <\/section>\n    \n    \n    \n  \n<\/div>","protected":false},"excerpt":{"rendered":"<p>Sesongin upeimmat lahjat ja&nbsp;sisustustuotteet Sisustuskaupassa on alati vaihtuvia trendikk\u00e4it\u00e4 l\u00f6yt\u00f6j\u00e4 maailmalta. Lahjakortti&nbsp;<\/p>\n","protected":false},"author":1,"featured_media":0,"parent":0,"menu_order":5,"comment_status":"closed","ping_status":"closed","template":"","meta":{"footnotes":""},"class_list":["post-95","page","type-page","status-publish","hentry"],"_links":{"self":[{"href":"https:\/\/viherkaine.fi\/index.php?rest_route=\/wp\/v2\/pages\/95","targetHints":{"allow":["GET"]}}],"collection":[{"href":"https:\/\/viherkaine.fi\/index.php?rest_route=\/wp\/v2\/pages"}],"about":[{"href":"https:\/\/viherkaine.fi\/index.php?rest_route=\/wp\/v2\/types\/page"}],"author":[{"embeddable":true,"href":"https:\/\/viherkaine.fi\/index.php?rest_route=\/wp\/v2\/users\/1"}],"replies":[{"embeddable":true,"href":"https:\/\/viherkaine.fi\/index.php?rest_route=%2Fwp%2Fv2%2Fcomments&post=95"}],"version-history":[{"count":3,"href":"https:\/\/viherkaine.fi\/index.php?rest_route=\/wp\/v2\/pages\/95\/revisions"}],"predecessor-version":[{"id":234,"href":"https:\/\/viherkaine.fi\/index.php?rest_route=\/wp\/v2\/pages\/95\/revisions\/234"}],"wp:attachment":[{"href":"https:\/\/viherkaine.fi\/index.php?rest_route=%2Fwp%2Fv2%2Fmedia&parent=95"}],"curies":[{"name":"wp","href":"https:\/\/api.w.org\/{rel}","templated":true}]}}