{"id":94,"date":"2024-11-24T14:30:53","date_gmt":"2024-11-24T14:30:53","guid":{"rendered":"https:\/\/viherkaine.fi\/public_html\/index.php\/etusivu\/"},"modified":"2026-05-09T10:53:40","modified_gmt":"2026-05-09T08:53:40","slug":"etusivu","status":"publish","type":"page","link":"https:\/\/viherkaine.fi\/","title":{"rendered":"ETUSIVU"},"content":{"rendered":"<div class=\"\" style=\"\" >\n    \n    <section class=\"u-clearfix u-image u-section-2\" id=\"sec-34c9\" src=\"\" data-animation-name=\"\" data-animation-duration=\"0\" data-animation-delay=\"0\" data-animation-direction=\"\" data-image-width=\"2048\" data-image-height=\"1365\" style=\"background-image: url(&quot;https:\/\/viherkaine.fi\/wp-content\/uploads\/2025\/01\/IMG_6999-2048x1365.jpg&quot;), url(&quot;https:\/\/viherkaine.fi\/wp-content\/uploads\/2025\/01\/IMG_6999.jpg&quot;);\">\n      <div class=\"u-clearfix u-sheet u-sheet-1\">\n        <h3 class=\"u-align-center u-custom-font u-font-lato u-text u-text-white u-text-1\" data-animation-name=\"customAnimationIn\" data-animation-duration=\"2000\" data-animation-delay=\"0\"> El\u00e4myksellinen puutarhamyym\u00e4l\u00e4<br>T\u00e4yden palvelun kukkakauppa<br>Ihastuttava kukkakeidas Raumalla<br>\n        <\/h3>\n        <div class=\"u-social-icons u-social-icons-1\">\n          <a class=\"u-social-url\" title=\"facebook\" target=\"_blank\" href=\"https:\/\/www.facebook.com\/people\/VIHERK\u00c4INE-OY\/100050807715763\/\"><span class=\"u-icon u-social-facebook u-social-icon u-icon-1\"><svg class=\"u-svg-link\" preserveAspectRatio=\"xMidYMin slice\" viewBox=\"0 0 112 112\" style=\"\"><use xlink:href=\"#svg-b588\"><\/use><\/svg><svg class=\"u-svg-content\" viewBox=\"0 0 112 112\" x=\"0\" y=\"0\" id=\"svg-b588\"><circle fill=\"currentColor\" cx=\"56.1\" cy=\"56.1\" r=\"55\"><\/circle><path fill=\"#FFFFFF\" d=\"M73.5,31.6h-9.1c-1.4,0-3.6,0.8-3.6,3.9v8.5h12.6L72,58.3H60.8v40.8H43.9V58.3h-8V43.9h8v-9.2\nc0-6.7,3.1-17,17-17h12.5v13.9H73.5z\"><\/path><\/svg><\/span>\n          <\/a>\n          <a class=\"u-social-url\" title=\"instagram\" target=\"_blank\" href=\"https:\/\/instagram.com\/viherkaine\/\"><span class=\"u-icon u-social-icon u-social-instagram u-icon-2\"><svg class=\"u-svg-link\" preserveAspectRatio=\"xMidYMin slice\" viewBox=\"0 0 112 112\" style=\"\"><use xlink:href=\"#svg-3c6a\"><\/use><\/svg><svg class=\"u-svg-content\" viewBox=\"0 0 112 112\" x=\"0\" y=\"0\" id=\"svg-3c6a\"><circle fill=\"currentColor\" cx=\"56.1\" cy=\"56.1\" r=\"55\"><\/circle><path fill=\"#FFFFFF\" d=\"M55.9,38.2c-9.9,0-17.9,8-17.9,17.9C38,66,46,74,55.9,74c9.9,0,17.9-8,17.9-17.9C73.8,46.2,65.8,38.2,55.9,38.2\nz M55.9,66.4c-5.7,0-10.3-4.6-10.3-10.3c-0.1-5.7,4.6-10.3,10.3-10.3c5.7,0,10.3,4.6,10.3,10.3C66.2,61.8,61.6,66.4,55.9,66.4z\"><\/path><path fill=\"#FFFFFF\" d=\"M74.3,33.5c-2.3,0-4.2,1.9-4.2,4.2s1.9,4.2,4.2,4.2s4.2-1.9,4.2-4.2S76.6,33.5,74.3,33.5z\"><\/path><path fill=\"#FFFFFF\" d=\"M73.1,21.3H38.6c-9.7,0-17.5,7.9-17.5,17.5v34.5c0,9.7,7.9,17.6,17.5,17.6h34.5c9.7,0,17.5-7.9,17.5-17.5V38.8\nC90.6,29.1,82.7,21.3,73.1,21.3z M83,73.3c0,5.5-4.5,9.9-9.9,9.9H38.6c-5.5,0-9.9-4.5-9.9-9.9V38.8c0-5.5,4.5-9.9,9.9-9.9h34.5\nc5.5,0,9.9,4.5,9.9,9.9V73.3z\"><\/path><\/svg><\/span>\n          <\/a>\n        <\/div>\n      <\/div>\n      \n      \n    <\/section>\n    <section class=\"u-border-2 u-border-grey-75 u-clearfix u-palette-2-light-3 u-valign-bottom-xs u-valign-top-md u-valign-top-sm u-section-3\" id=\"carousel_2b25\">\n      <div class=\"u-clearfix u-sheet u-sheet-1\">\n        <div class=\"custom-expanded data-layout-selected u-clearfix u-gutter-0 u-layout-wrap u-layout-wrap-1\">\n          <div class=\"u-gutter-0 u-layout\">\n            <div class=\"u-layout-row\">\n              <div class=\"u-size-60\">\n                <div class=\"u-layout-col\">\n                  <div class=\"u-align-center u-container-align-center u-container-style u-layout-cell u-right-cell u-shape-rectangle u-size-60 u-layout-cell-1\">\n                    <div class=\"u-container-layout u-container-layout-1\">\n                      <a href=\"https:\/\/viherkaine.ekukka.fi\/\" class=\"u-align-center u-border-2 u-border-custom-color-36 u-btn u-button-style u-custom-font u-heading-font u-none u-btn-1\"> Tilaa kukat&nbsp;<br>verkkokaupasta&nbsp;\n                      <\/a>\n                      <img decoding=\"async\" class=\"u-image u-image-circle u-image-1\" src=\"https:\/\/viherkaine.fi\/wp-content\/uploads\/2025\/04\/IMG_0892-1536x2048.jpg\" alt=\"\" data-image-width=\"1536\" data-image-height=\"2048\">\n                    <\/div>\n                  <\/div>\n                <\/div>\n              <\/div>\n            <\/div>\n          <\/div>\n        <\/div>\n      <\/div>\n    <\/section>\n    <section class=\"u-clearfix u-gradient u-section-4\" id=\"sec-1dd6\">\n      <div class=\"u-clearfix u-sheet u-sheet-1\">\n        <img decoding=\"async\" class=\"custom-expanded u-align-center-xs u-image u-image-default u-image-1\" src=\"https:\/\/viherkaine.fi\/wp-content\/uploads\/2025\/01\/IMG_2794.jpg\" alt=\"\" data-image-width=\"2048\" data-image-height=\"1536\">\n        <h2 class=\"u-align-center u-custom-font u-font-lato u-subtitle u-text u-text-custom-color-36 u-text-1\"> Viherk\u00e4isen&nbsp;tarina&nbsp;<\/h2>\n        <p class=\"u-align-center-xs u-align-justify-lg u-align-justify-md u-align-justify-sm u-align-justify-xl u-custom-font u-font-lato u-text u-text-2\"><span style=\"font-weight: 700;\"> Viherk\u00e4isen tarina alkoi kahden nuoren unelmasta<\/span>.<br>Haaveena oli yhdist\u00e4\u00e4 perhe, koti ja ty\u00f6. Unelma alkoi rakentua pala palalta, kun 1986 l\u00f6ysimme kodin- ja puolen hehtaarin puutarhan- keskelt\u00e4 Rauman kaupunkia. Perhe kasvoi, saimme kolme ihanaa lasta. Pikku puutarhasta kasvoi, pala palalta, isompi. Viherk\u00e4isest\u00e4 tuli unelmiemme viihtyis\u00e4 ja el\u00e4myksellinen&nbsp; puutarha- kukka- ja sisustusmyym\u00e4l\u00e4, sek\u00e4 arvostettu viherrakentaja Satakunnan alueelle.\n        <\/p>\n        <img decoding=\"async\" class=\"u-align-center-md u-align-center-sm u-align-center-xs u-expanded-width-xs u-image u-image-default u-image-2\" src=\"https:\/\/viherkaine.fi\/wp-content\/uploads\/2024\/11\/21A54F63-F931-4468-A89D-9C989AA2220C.png\" alt=\"\" data-image-width=\"1080\" data-image-height=\"1080\">\n        <p class=\"u-align-center-xs u-align-justify-lg u-align-justify-md u-align-justify-sm u-align-justify-xl u-custom-font u-font-lato u-text u-text-3\"><span style=\"font-weight: 700;\">Ty\u00f6 on aina ollut meille el\u00e4m\u00e4ntapa ja intohimo.<\/span>\n          <br>Meill\u00e4 on ollut onni saada kokoon hyv\u00e4 ty\u00f6ryhm\u00e4, joka jakaa arvomme.&nbsp;Yhdess\u00e4 heid\u00e4n kanssaan haluamme auttaa asiakkaitamme toteuttamaan omia unelmiaan ja luomaan kauneutta ymp\u00e4rilleen. Olemme iloisia, kun pikkuhiljaa saamme&nbsp; siirt\u00e4\u00e4 vastuuta seuraavalle sukupolvelle.&nbsp; Tarina jatkuu.<br>\n          <br>28.10.2024 <br>Kirsi Sj\u00f6roos \n        <\/p>\n        <div class=\"u-expanded-width u-gallery u-layout-grid u-lightbox u-no-transition u-show-text-none u-gallery-1\">\n          <div class=\"u-gallery-inner u-gallery-inner-1\">\n            <div class=\"u-effect-hover-zoom u-gallery-item\">\n              <div class=\"u-back-slide\" data-image-width=\"1079\" data-image-height=\"1079\">\n                <img decoding=\"async\" class=\"u-back-image u-expanded\" src=\"https:\/\/viherkaine.fi\/wp-content\/uploads\/2024\/11\/OXGI29551.jpg\">\n              <\/div>\n              <div class=\"u-over-slide u-shading u-over-slide-1\"><\/div>\n            <\/div>\n            <div class=\"u-effect-hover-zoom u-gallery-item\">\n              <div class=\"u-back-slide\" data-image-width=\"1080\" data-image-height=\"1080\">\n                <img decoding=\"async\" class=\"u-back-image u-expanded\" src=\"https:\/\/viherkaine.fi\/wp-content\/uploads\/2024\/11\/Untitleddesign41.jpg\">\n              <\/div>\n              <div class=\"u-over-slide u-shading u-over-slide-2\"><\/div>\n            <\/div>\n            <div class=\"u-effect-hover-zoom u-gallery-item\">\n              <div class=\"u-back-slide\" data-image-width=\"1080\" data-image-height=\"1080\">\n                <img decoding=\"async\" class=\"u-back-image u-expanded\" src=\"https:\/\/viherkaine.fi\/wp-content\/uploads\/2024\/11\/Untitleddesign4.jpg\">\n              <\/div>\n              <div class=\"u-over-slide u-shading u-over-slide-3\"><\/div>\n            <\/div>\n            <div class=\"u-effect-hover-zoom u-gallery-item\">\n              <div class=\"u-back-slide\" data-image-width=\"1179\" data-image-height=\"1390\">\n                <img decoding=\"async\" class=\"u-back-image u-expanded\" src=\"https:\/\/viherkaine.fi\/wp-content\/uploads\/2024\/11\/2131365f-60c8-443b-ad0b-aa25101d878e.jpg\">\n              <\/div>\n              <div class=\"u-over-slide u-shading u-over-slide-4\"><\/div>\n            <\/div>\n          <\/div>\n        <\/div>\n      <\/div>\n    <\/section>\n    \n    \n    \n  \n<\/div>","protected":false},"excerpt":{"rendered":"<p>El\u00e4myksellinen puutarhamyym\u00e4l\u00e4T\u00e4yden palvelun kukkakauppaIhastuttava kukkakeidas Raumalla Tilaa kukat&nbsp;verkkokaupasta&nbsp; Viherk\u00e4isen&nbsp;tarina&nbsp; Viherk\u00e4isen tarina alkoi kahden nuoren unelmasta.Haaveena oli yhdist\u00e4\u00e4 perhe, koti ja ty\u00f6. Unelma alkoi rakentua pala palalta, kun 1986 l\u00f6ysimme kodin- ja puolen hehtaarin puutarhan- keskelt\u00e4 Rauman kaupunkia. Perhe kasvoi, saimme kolme ihanaa lasta. Pikku puutarhasta kasvoi, pala palalta, isompi. Viherk\u00e4isest\u00e4 tuli unelmiemme viihtyis\u00e4 ja el\u00e4myksellinen&nbsp; [&hellip;]<\/p>\n","protected":false},"author":1,"featured_media":0,"parent":0,"menu_order":4,"comment_status":"closed","ping_status":"closed","template":"","meta":{"footnotes":""},"class_list":["post-94","page","type-page","status-publish","hentry"],"_links":{"self":[{"href":"https:\/\/viherkaine.fi\/index.php?rest_route=\/wp\/v2\/pages\/94","targetHints":{"allow":["GET"]}}],"collection":[{"href":"https:\/\/viherkaine.fi\/index.php?rest_route=\/wp\/v2\/pages"}],"about":[{"href":"https:\/\/viherkaine.fi\/index.php?rest_route=\/wp\/v2\/types\/page"}],"author":[{"embeddable":true,"href":"https:\/\/viherkaine.fi\/index.php?rest_route=\/wp\/v2\/users\/1"}],"replies":[{"embeddable":true,"href":"https:\/\/viherkaine.fi\/index.php?rest_route=%2Fwp%2Fv2%2Fcomments&post=94"}],"version-history":[{"count":48,"href":"https:\/\/viherkaine.fi\/index.php?rest_route=\/wp\/v2\/pages\/94\/revisions"}],"predecessor-version":[{"id":463,"href":"https:\/\/viherkaine.fi\/index.php?rest_route=\/wp\/v2\/pages\/94\/revisions\/463"}],"wp:attachment":[{"href":"https:\/\/viherkaine.fi\/index.php?rest_route=%2Fwp%2Fv2%2Fmedia&parent=94"}],"curies":[{"name":"wp","href":"https:\/\/api.w.org\/{rel}","templated":true}]}}