{"id":91,"date":"2024-11-24T14:30:50","date_gmt":"2024-11-24T14:30:50","guid":{"rendered":"https:\/\/viherkaine.fi\/public_html\/index.php\/surusidonta\/"},"modified":"2026-03-09T14:53:09","modified_gmt":"2026-03-09T12:53:09","slug":"surusidonta","status":"publish","type":"page","link":"https:\/\/viherkaine.fi\/?page_id=91","title":{"rendered":"SURUSIDONTA"},"content":{"rendered":"<div class=\"\" style=\"\" >\n    \n    <section class=\"u-clearfix u-image u-shading u-section-2\" id=\"carousel_ce2a\" src=\"\" data-image-width=\"1440\" data-image-height=\"1920\" data-animation-name=\"\" data-animation-duration=\"0\" data-animation-delay=\"0\" data-animation-direction=\"\" style=\"background-image: url(&quot;https:\/\/viherkaine.fi\/wp-content\/uploads\/2024\/11\/IMG_5624.jpg&quot;), url(&quot;https:\/\/viherkaine.fi\/wp-content\/uploads\/2024\/11\/IMG_5624.jpg&quot;);\">\n      <div class=\"u-clearfix u-sheet u-sheet-1\"><\/div>\n    <\/section>\n    <section class=\"u-clearfix u-gradient u-section-3\" id=\"sec-b3e1\">\n      <div class=\"u-clearfix u-sheet u-sheet-1\">\n        <img decoding=\"async\" class=\"u-image u-image-circle u-image-1\" src=\"https:\/\/viherkaine.fi\/wp-content\/uploads\/2024\/11\/IMG_9766.jpg\" alt=\"\" data-image-width=\"2476\" data-image-height=\"1536\">\n        <img decoding=\"async\" class=\"u-image u-image-circle u-image-2\" src=\"https:\/\/viherkaine.fi\/wp-content\/uploads\/2024\/11\/IMG_9752.jpg\" alt=\"\" data-image-width=\"2048\" data-image-height=\"1536\" data-animation-name=\"customAnimationIn\" data-animation-duration=\"1000\" data-animation-delay=\"0\">\n        <h5 class=\"u-align-center u-custom-font u-font-lato u-text u-text-1\"> Pyyd\u00e4mme j\u00e4tt\u00e4m\u00e4\u00e4n kaikki surusidontatilaukset&nbsp;<br>viimeist\u00e4\u00e4n viitt\u00e4 p\u00e4iv\u00e4\u00e4 ennen tilaisuutta \u2013&nbsp;<br>mielell\u00e4\u00e4n jo edellisell\u00e4 viikolla.&nbsp;N\u00e4in varmistat kukkien saatavuuden!\n        <\/h5>\n        <h2 class=\"u-align-center u-custom-font u-font-lato u-text u-text-custom-color-15 u-text-2\" data-animation-name=\"\" data-animation-duration=\"0\" data-animation-delay=\"0\" data-animation-direction=\"\"> Valmistamme hautavihot sek\u00e4 muut surukukat&nbsp; aina asiakkaan toiveiden mukaan.<br>\n          <br>&nbsp;Hautavihkojen lis\u00e4ksi si\u200bdomme<br>&nbsp;arkkulaitteet ja osanottokukat. \n        <\/h2>\n        <h1 class=\"u-align-center-lg u-align-center-md u-align-center-sm u-align-center-xl u-align-left-xs u-text u-text-palette-2-dark-2 u-text-3\">Tuotteet<\/h1>\n        <div class=\"u-clearfix u-expanded-width-xs u-group-elements u-group-elements-1\">\n          <h4 class=\"u-custom-font u-font-roboto-condensed u-text u-text-4\"> Hautavihot, -kimput ja seppeleet<\/h4>\n          <h4 class=\"u-custom-font u-font-roboto-condensed u-text u-text-5\">Osanottoki\u200b\u200bm\u200b\u200bput<\/h4>\n          <h4 class=\"u-custom-font u-font-roboto-condensed u-text u-text-6\">Arkkukaitteet<\/h4>\n          <h4 class=\"u-custom-font u-font-roboto-condensed u-text u-text-7\">Tekstattu surunauha <\/h4>\n          <h4 class=\"u-custom-font u-font-roboto-condensed u-text u-text-8\">Tekstattu surukortti <\/h4>\n          <h4 class=\"u-custom-font u-font-roboto-condensed u-text u-text-9\">Suruadressi <\/h4>\n        <\/div>\n      <\/div>\n    <\/section>\n    <section class=\"u-align-center u-clearfix u-gradient u-section-4\" id=\"sec-6278\">\n      <div class=\"u-clearfix u-sheet u-sheet-1\">\n        <h1 class=\"u-text u-text-default-lg u-text-default-md u-text-default-sm u-text-default-xl u-text-1\">Galleri\u200ba<\/h1>\n        <div class=\"u-expanded-width u-gallery u-layout-grid u-lightbox u-no-transition u-show-text-none u-gallery-1\">\n          <div class=\"u-gallery-inner u-gallery-inner-1\">\n            <div class=\"u-effect-hover-zoom u-gallery-item\">\n              <div class=\"u-back-slide\" data-image-width=\"1616\" data-image-height=\"1080\">\n                <img decoding=\"async\" class=\"u-back-image u-expanded\" src=\"https:\/\/viherkaine.fi\/wp-content\/uploads\/2024\/11\/DSC00260.jpg\">\n              <\/div>\n              <div class=\"u-over-slide u-shading u-over-slide-1\"><\/div>\n            <\/div>\n            <div class=\"u-effect-hover-zoom u-gallery-item\">\n              <div class=\"u-back-slide\" data-image-width=\"1616\" data-image-height=\"1080\">\n                <img decoding=\"async\" class=\"u-back-image u-expanded u-back-image-2\" src=\"https:\/\/viherkaine.fi\/wp-content\/uploads\/2024\/11\/DSC00272.jpg\">\n              <\/div>\n              <div class=\"u-over-slide u-shading u-over-slide-2\"><\/div>\n            <\/div>\n            <div class=\"u-effect-hover-zoom u-gallery-item\">\n              <div class=\"u-back-slide\">\n                <img decoding=\"async\" class=\"u-back-image u-expanded u-back-image-3\" src=\"https:\/\/viherkaine.fi\/wp-content\/uploads\/2024\/11\/IMG_1366.jpg\">\n              <\/div>\n              <div class=\"u-over-slide u-shading u-over-slide-3\"><\/div>\n            <\/div>\n            <div class=\"u-effect-hover-zoom u-gallery-item\">\n              <div class=\"u-back-slide\" data-image-width=\"3024\" data-image-height=\"4032\">\n                <img decoding=\"async\" class=\"u-back-image u-expanded u-back-image-4\" src=\"https:\/\/viherkaine.fi\/wp-content\/uploads\/2025\/01\/IMG_8324-scaled.jpg\">\n              <\/div>\n              <div class=\"u-over-slide u-shading u-over-slide-4\"><\/div>\n            <\/div>\n            <div class=\"u-effect-hover-zoom u-gallery-item\">\n              <div class=\"u-back-slide\" data-image-width=\"2048\" data-image-height=\"1536\">\n                <img decoding=\"async\" class=\"u-back-image u-expanded\" src=\"https:\/\/viherkaine.fi\/wp-content\/uploads\/2024\/11\/IMG_1155.jpg\">\n              <\/div>\n              <div class=\"u-over-slide u-shading u-over-slide-5\"><\/div>\n            <\/div>\n            <div class=\"u-effect-hover-zoom u-gallery-item\">\n              <div class=\"u-back-slide\">\n                <img decoding=\"async\" class=\"u-back-image u-expanded u-back-image-6\" src=\"https:\/\/viherkaine.fi\/wp-content\/uploads\/2024\/11\/IMG_7082.jpg\">\n              <\/div>\n              <div class=\"u-over-slide u-shading u-over-slide-6\"><\/div>\n            <\/div>\n            <div class=\"u-effect-hover-zoom u-gallery-item\">\n              <div class=\"u-back-slide\" data-image-width=\"1536\" data-image-height=\"2048\">\n                <img decoding=\"async\" class=\"u-back-image u-expanded u-back-image-7\" src=\"https:\/\/viherkaine.fi\/wp-content\/uploads\/2024\/11\/IMG_092711.jpg\">\n              <\/div>\n              <div class=\"u-over-slide u-shading u-over-slide-7\"><\/div>\n            <\/div>\n            <div class=\"u-effect-hover-zoom u-gallery-item\">\n              <div class=\"u-back-slide\" data-image-width=\"1536\" data-image-height=\"2048\">\n                <img decoding=\"async\" class=\"u-back-image u-expanded u-back-image-8\" src=\"https:\/\/viherkaine.fi\/wp-content\/uploads\/2025\/01\/IMG_0918.jpg\">\n              <\/div>\n              <div class=\"u-over-slide u-shading u-over-slide-8\"><\/div>\n            <\/div>\n            <div class=\"u-effect-hover-zoom u-gallery-item\">\n              <div class=\"u-back-slide\" data-image-width=\"4284\" data-image-height=\"5712\">\n                <img decoding=\"async\" class=\"u-back-image u-expanded\" src=\"https:\/\/viherkaine.fi\/wp-content\/uploads\/2024\/11\/IMG_5624.jpg\">\n              <\/div>\n              <div class=\"u-over-slide u-shading u-over-slide-9\"><\/div>\n            <\/div>\n            <div class=\"u-effect-hover-zoom u-gallery-item\">\n              <div class=\"u-back-slide\" data-image-width=\"3024\" data-image-height=\"4032\">\n                <img decoding=\"async\" class=\"u-back-image u-expanded u-back-image-10\" src=\"https:\/\/viherkaine.fi\/wp-content\/uploads\/2025\/01\/IMG_8318-scaled.jpg\">\n              <\/div>\n              <div class=\"u-over-slide u-shading u-over-slide-10\"><\/div>\n            <\/div>\n            <div class=\"u-effect-hover-zoom u-gallery-item\">\n              <div class=\"u-back-slide\" data-image-width=\"3024\" data-image-height=\"4032\">\n                <img decoding=\"async\" class=\"u-back-image u-expanded u-back-image-11\" src=\"https:\/\/viherkaine.fi\/wp-content\/uploads\/2025\/01\/IMG_8336-scaled.jpg\">\n              <\/div>\n              <div class=\"u-over-slide u-shading u-over-slide-11\"><\/div>\n            <\/div>\n            <div class=\"u-effect-hover-zoom u-gallery-item\">\n              <div class=\"u-back-slide\" data-image-width=\"2048\" data-image-height=\"1536\">\n                <img decoding=\"async\" class=\"u-back-image u-expanded u-back-image-12\" src=\"https:\/\/viherkaine.fi\/wp-content\/uploads\/2025\/01\/IMG_8538.jpg\">\n              <\/div>\n              <div class=\"u-over-slide u-shading u-over-slide-12\"><\/div>\n            <\/div>\n            <div class=\"u-effect-hover-zoom u-gallery-item\">\n              <div class=\"u-back-slide\">\n                <img decoding=\"async\" class=\"u-back-image u-expanded u-back-image-13\" src=\"https:\/\/viherkaine.fi\/wp-content\/uploads\/2024\/11\/IMG_1360.jpg\">\n              <\/div>\n              <div class=\"u-over-slide u-shading u-over-slide-13\"><\/div>\n            <\/div>\n            <div class=\"u-effect-hover-zoom u-gallery-item\">\n              <div class=\"u-back-slide\">\n                <img decoding=\"async\" class=\"u-back-image u-expanded\" src=\"https:\/\/viherkaine.fi\/wp-content\/uploads\/2024\/11\/IMG_3107.jpg\">\n              <\/div>\n              <div class=\"u-over-slide u-shading u-over-slide-14\"><\/div>\n            <\/div>\n            <div class=\"u-effect-hover-zoom u-gallery-item\">\n              <div class=\"u-back-slide\">\n                <img decoding=\"async\" class=\"u-back-image u-expanded u-back-image-15\" src=\"https:\/\/viherkaine.fi\/wp-content\/uploads\/2024\/11\/IMG_1358.jpg\">\n              <\/div>\n              <div class=\"u-over-slide u-shading u-over-slide-15\"><\/div>\n            <\/div>\n            <div class=\"u-effect-hover-zoom u-gallery-item\">\n              <div class=\"u-back-slide\" data-image-width=\"1536\" data-image-height=\"2048\">\n                <img decoding=\"async\" class=\"u-back-image u-expanded\" src=\"https:\/\/viherkaine.fi\/wp-content\/uploads\/2024\/11\/IMG_1351.jpg\">\n              <\/div>\n              <div class=\"u-over-slide u-shading u-over-slide-16\"><\/div>\n            <\/div>\n            <div class=\"u-effect-hover-zoom u-gallery-item\">\n              <div class=\"u-back-slide\" data-image-width=\"2048\" data-image-height=\"1536\">\n                <img decoding=\"async\" class=\"u-back-image u-expanded u-back-image-17\" src=\"https:\/\/viherkaine.fi\/wp-content\/uploads\/2025\/01\/HAXI73951.jpg\">\n              <\/div>\n              <div class=\"u-over-slide u-shading u-over-slide-17\"><\/div>\n            <\/div>\n            <div class=\"u-effect-hover-zoom u-gallery-item\">\n              <div class=\"u-back-slide\" data-image-width=\"2476\" data-image-height=\"1536\">\n                <img decoding=\"async\" class=\"u-back-image u-expanded\" src=\"https:\/\/viherkaine.fi\/wp-content\/uploads\/2024\/11\/IMG_9766.jpg\">\n              <\/div>\n              <div class=\"u-over-slide u-shading u-over-slide-18\"><\/div>\n            <\/div>\n            <div class=\"u-effect-hover-zoom u-gallery-item\">\n              <div class=\"u-back-slide\">\n                <img decoding=\"async\" class=\"u-back-image u-expanded u-back-image-19\" src=\"https:\/\/viherkaine.fi\/wp-content\/uploads\/2024\/11\/IMG_2068.jpg\">\n              <\/div>\n              <div class=\"u-over-slide u-shading u-over-slide-19\"><\/div>\n            <\/div>\n            <div class=\"u-effect-hover-zoom u-gallery-item\">\n              <div class=\"u-back-slide\" data-image-width=\"2048\" data-image-height=\"1536\">\n                <img decoding=\"async\" class=\"u-back-image u-expanded\" src=\"https:\/\/viherkaine.fi\/wp-content\/uploads\/2024\/11\/IMG_0834.jpg\">\n              <\/div>\n              <div class=\"u-over-slide u-shading u-over-slide-20\"><\/div>\n            <\/div>\n            <div class=\"u-effect-hover-zoom u-gallery-item\">\n              <div class=\"u-back-slide\">\n                <img decoding=\"async\" class=\"u-back-image u-expanded\" src=\"https:\/\/viherkaine.fi\/wp-content\/uploads\/2024\/11\/IMG_46861.jpg\">\n              <\/div>\n              <div class=\"u-over-slide u-shading u-over-slide-21\"><\/div>\n            <\/div>\n            <div class=\"u-effect-hover-zoom u-gallery-item\">\n              <div class=\"u-back-slide\" data-image-width=\"2302\" data-image-height=\"1536\">\n                <img decoding=\"async\" class=\"u-back-image u-expanded u-back-image-22\" src=\"https:\/\/viherkaine.fi\/wp-content\/uploads\/2024\/11\/IMG_9776.jpg\">\n              <\/div>\n              <div class=\"u-over-slide u-shading u-over-slide-22\"><\/div>\n            <\/div>\n            <div class=\"u-effect-hover-zoom u-gallery-item\">\n              <div class=\"u-back-slide\" data-image-width=\"3024\" data-image-height=\"4032\">\n                <img decoding=\"async\" class=\"u-back-image u-expanded u-back-image-23\" src=\"https:\/\/viherkaine.fi\/wp-content\/uploads\/2025\/01\/IMG_8319-scaled.jpg\">\n              <\/div>\n              <div class=\"u-over-slide u-shading u-over-slide-23\"><\/div>\n            <\/div>\n            <div class=\"u-effect-hover-zoom u-gallery-item\">\n              <div class=\"u-back-slide\" data-image-width=\"2048\" data-image-height=\"2048\">\n                <img decoding=\"async\" class=\"u-back-image u-expanded u-back-image-24\" src=\"https:\/\/viherkaine.fi\/wp-content\/uploads\/2025\/01\/IMG_7638.jpg\">\n              <\/div>\n              <div class=\"u-over-slide u-shading u-over-slide-24\"><\/div>\n            <\/div>\n          <\/div>\n        <\/div>\n        <div class=\"custom-expanded u-gallery u-hidden-xs u-layout-grid u-lightbox u-no-transition u-show-text-none u-gallery-2\">\n          <div class=\"u-gallery-inner u-gallery-inner-2\">\n            <div class=\"u-effect-hover-zoom u-gallery-item\">\n              <div class=\"u-back-slide\" data-image-width=\"1616\" data-image-height=\"1080\">\n                <img decoding=\"async\" class=\"u-back-image u-expanded\" src=\"https:\/\/viherkaine.fi\/wp-content\/uploads\/2024\/11\/DSC00260.jpg\">\n              <\/div>\n              <div class=\"u-over-slide u-shading u-over-slide-25\"><\/div>\n            <\/div>\n            <div class=\"u-effect-hover-zoom u-gallery-item\">\n              <div class=\"u-back-slide\" data-image-width=\"1616\" data-image-height=\"1080\">\n                <img decoding=\"async\" class=\"u-back-image u-expanded u-back-image-26\" src=\"https:\/\/viherkaine.fi\/wp-content\/uploads\/2024\/11\/DSC00272.jpg\">\n              <\/div>\n              <div class=\"u-over-slide u-shading u-over-slide-26\"><\/div>\n            <\/div>\n            <div class=\"u-effect-hover-zoom u-gallery-item\">\n              <div class=\"u-back-slide\">\n                <img decoding=\"async\" class=\"u-back-image u-expanded u-back-image-27\" src=\"https:\/\/viherkaine.fi\/wp-content\/uploads\/2024\/11\/IMG_1366.jpg\">\n              <\/div>\n              <div class=\"u-over-slide u-shading u-over-slide-27\"><\/div>\n            <\/div>\n            <div class=\"u-effect-hover-zoom u-gallery-item\">\n              <div class=\"u-back-slide\" data-image-width=\"3024\" data-image-height=\"4032\">\n                <img decoding=\"async\" class=\"u-back-image u-expanded u-back-image-28\" src=\"https:\/\/viherkaine.fi\/wp-content\/uploads\/2025\/01\/IMG_8324-scaled.jpg\">\n              <\/div>\n              <div class=\"u-over-slide u-shading u-over-slide-28\"><\/div>\n            <\/div>\n            <div class=\"u-effect-hover-zoom u-gallery-item\">\n              <div class=\"u-back-slide\" data-image-width=\"2048\" data-image-height=\"1536\">\n                <img decoding=\"async\" class=\"u-back-image u-expanded\" src=\"https:\/\/viherkaine.fi\/wp-content\/uploads\/2024\/11\/IMG_1155.jpg\">\n              <\/div>\n              <div class=\"u-over-slide u-shading u-over-slide-29\"><\/div>\n            <\/div>\n            <div class=\"u-effect-hover-zoom u-gallery-item\">\n              <div class=\"u-back-slide\">\n                <img decoding=\"async\" class=\"u-back-image u-expanded u-back-image-30\" src=\"https:\/\/viherkaine.fi\/wp-content\/uploads\/2024\/11\/IMG_7082.jpg\">\n              <\/div>\n              <div class=\"u-over-slide u-shading u-over-slide-30\"><\/div>\n            <\/div>\n            <div class=\"u-effect-hover-zoom u-gallery-item\">\n              <div class=\"u-back-slide\" data-image-width=\"1536\" data-image-height=\"2048\">\n                <img decoding=\"async\" class=\"u-back-image u-expanded u-back-image-31\" src=\"https:\/\/viherkaine.fi\/wp-content\/uploads\/2024\/11\/IMG_092711.jpg\">\n              <\/div>\n              <div class=\"u-over-slide u-shading u-over-slide-31\"><\/div>\n            <\/div>\n            <div class=\"u-effect-hover-zoom u-gallery-item\">\n              <div class=\"u-back-slide\" data-image-width=\"1536\" data-image-height=\"2048\">\n                <img decoding=\"async\" class=\"u-back-image u-expanded u-back-image-32\" src=\"https:\/\/viherkaine.fi\/wp-content\/uploads\/2025\/01\/IMG_0918.jpg\">\n              <\/div>\n              <div class=\"u-over-slide u-shading u-over-slide-32\"><\/div>\n            <\/div>\n            <div class=\"u-effect-hover-zoom u-gallery-item\">\n              <div class=\"u-back-slide\" data-image-width=\"4284\" data-image-height=\"5712\">\n                <img decoding=\"async\" class=\"u-back-image u-expanded\" src=\"https:\/\/viherkaine.fi\/wp-content\/uploads\/2024\/11\/IMG_5624.jpg\">\n              <\/div>\n              <div class=\"u-over-slide u-shading u-over-slide-33\"><\/div>\n            <\/div>\n            <div class=\"u-effect-hover-zoom u-gallery-item\">\n              <div class=\"u-back-slide\" data-image-width=\"3024\" data-image-height=\"4032\">\n                <img decoding=\"async\" class=\"u-back-image u-expanded u-back-image-34\" src=\"https:\/\/viherkaine.fi\/wp-content\/uploads\/2025\/01\/IMG_8318-scaled.jpg\">\n              <\/div>\n              <div class=\"u-over-slide u-shading u-over-slide-34\"><\/div>\n            <\/div>\n            <div class=\"u-effect-hover-zoom u-gallery-item\">\n              <div class=\"u-back-slide\" data-image-width=\"3024\" data-image-height=\"4032\">\n                <img decoding=\"async\" class=\"u-back-image u-expanded u-back-image-35\" src=\"https:\/\/viherkaine.fi\/wp-content\/uploads\/2025\/01\/IMG_8336-scaled.jpg\">\n              <\/div>\n              <div class=\"u-over-slide u-shading u-over-slide-35\"><\/div>\n            <\/div>\n            <div class=\"u-effect-hover-zoom u-gallery-item\">\n              <div class=\"u-back-slide\" data-image-width=\"2048\" data-image-height=\"1536\">\n                <img decoding=\"async\" class=\"u-back-image u-expanded u-back-image-36\" src=\"https:\/\/viherkaine.fi\/wp-content\/uploads\/2025\/01\/IMG_8538.jpg\">\n              <\/div>\n              <div class=\"u-over-slide u-shading u-over-slide-36\"><\/div>\n            <\/div>\n            <div class=\"u-effect-hover-zoom u-gallery-item\">\n              <div class=\"u-back-slide\">\n                <img decoding=\"async\" class=\"u-back-image u-expanded u-back-image-37\" src=\"https:\/\/viherkaine.fi\/wp-content\/uploads\/2024\/11\/IMG_1360.jpg\">\n              <\/div>\n              <div class=\"u-over-slide u-shading u-over-slide-37\"><\/div>\n            <\/div>\n            <div class=\"u-effect-hover-zoom u-gallery-item\">\n              <div class=\"u-back-slide\">\n                <img decoding=\"async\" class=\"u-back-image u-expanded\" src=\"https:\/\/viherkaine.fi\/wp-content\/uploads\/2024\/11\/IMG_3107.jpg\">\n              <\/div>\n              <div class=\"u-over-slide u-shading u-over-slide-38\"><\/div>\n            <\/div>\n            <div class=\"u-effect-hover-zoom u-gallery-item\">\n              <div class=\"u-back-slide\">\n                <img decoding=\"async\" class=\"u-back-image u-expanded u-back-image-39\" src=\"https:\/\/viherkaine.fi\/wp-content\/uploads\/2024\/11\/IMG_1358.jpg\">\n              <\/div>\n              <div class=\"u-over-slide u-shading u-over-slide-39\"><\/div>\n            <\/div>\n            <div class=\"u-effect-hover-zoom u-gallery-item\">\n              <div class=\"u-back-slide\" data-image-width=\"1536\" data-image-height=\"2048\">\n                <img decoding=\"async\" class=\"u-back-image u-expanded\" src=\"https:\/\/viherkaine.fi\/wp-content\/uploads\/2024\/11\/IMG_1351.jpg\">\n              <\/div>\n              <div class=\"u-over-slide u-shading u-over-slide-40\"><\/div>\n            <\/div>\n            <div class=\"u-effect-hover-zoom u-gallery-item\">\n              <div class=\"u-back-slide\" data-image-width=\"2048\" data-image-height=\"1536\">\n                <img decoding=\"async\" class=\"u-back-image u-expanded u-back-image-41\" src=\"https:\/\/viherkaine.fi\/wp-content\/uploads\/2025\/01\/HAXI73951.jpg\">\n              <\/div>\n              <div class=\"u-over-slide u-shading u-over-slide-41\"><\/div>\n            <\/div>\n            <div class=\"u-effect-hover-zoom u-gallery-item\">\n              <div class=\"u-back-slide\" data-image-width=\"2476\" data-image-height=\"1536\">\n                <img decoding=\"async\" class=\"u-back-image u-expanded\" src=\"https:\/\/viherkaine.fi\/wp-content\/uploads\/2024\/11\/IMG_9766.jpg\">\n              <\/div>\n              <div class=\"u-over-slide u-shading u-over-slide-42\"><\/div>\n            <\/div>\n            <div class=\"u-effect-hover-zoom u-gallery-item\">\n              <div class=\"u-back-slide\">\n                <img decoding=\"async\" class=\"u-back-image u-expanded u-back-image-43\" src=\"https:\/\/viherkaine.fi\/wp-content\/uploads\/2024\/11\/IMG_2068.jpg\">\n              <\/div>\n              <div class=\"u-over-slide u-shading u-over-slide-43\"><\/div>\n            <\/div>\n            <div class=\"u-effect-hover-zoom u-gallery-item\">\n              <div class=\"u-back-slide\" data-image-width=\"2048\" data-image-height=\"1536\">\n                <img decoding=\"async\" class=\"u-back-image u-expanded\" src=\"https:\/\/viherkaine.fi\/wp-content\/uploads\/2024\/11\/IMG_0834.jpg\">\n              <\/div>\n              <div class=\"u-over-slide u-shading u-over-slide-44\"><\/div>\n            <\/div>\n            <div class=\"u-effect-hover-zoom u-gallery-item\">\n              <div class=\"u-back-slide\">\n                <img decoding=\"async\" class=\"u-back-image u-expanded\" src=\"https:\/\/viherkaine.fi\/wp-content\/uploads\/2024\/11\/IMG_46861.jpg\">\n              <\/div>\n              <div class=\"u-over-slide u-shading u-over-slide-45\"><\/div>\n            <\/div>\n            <div class=\"u-effect-hover-zoom u-gallery-item\">\n              <div class=\"u-back-slide\" data-image-width=\"2302\" data-image-height=\"1536\">\n                <img decoding=\"async\" class=\"u-back-image u-expanded u-back-image-46\" src=\"https:\/\/viherkaine.fi\/wp-content\/uploads\/2024\/11\/IMG_9776.jpg\">\n              <\/div>\n              <div class=\"u-over-slide u-shading u-over-slide-46\"><\/div>\n            <\/div>\n            <div class=\"u-effect-hover-zoom u-gallery-item\">\n              <div class=\"u-back-slide\" data-image-width=\"3024\" data-image-height=\"4032\">\n                <img decoding=\"async\" class=\"u-back-image u-expanded u-back-image-47\" src=\"https:\/\/viherkaine.fi\/wp-content\/uploads\/2025\/01\/IMG_8319-scaled.jpg\">\n              <\/div>\n              <div class=\"u-over-slide u-shading u-over-slide-47\"><\/div>\n            <\/div>\n            <div class=\"u-effect-hover-zoom u-gallery-item\">\n              <div class=\"u-back-slide\" data-image-width=\"2048\" data-image-height=\"2048\">\n                <img decoding=\"async\" class=\"u-back-image u-expanded u-back-image-48\" src=\"https:\/\/viherkaine.fi\/wp-content\/uploads\/2025\/01\/IMG_7638.jpg\">\n              <\/div>\n              <div class=\"u-over-slide u-shading u-over-slide-48\"><\/div>\n            <\/div>\n          <\/div>\n        <\/div>\n      <\/div>\n    <\/section>\n    \n    \n    \n  \n<\/div>","protected":false},"excerpt":{"rendered":"<p>Pyyd\u00e4mme j\u00e4tt\u00e4m\u00e4\u00e4n kaikki surusidontatilaukset&nbsp;viimeist\u00e4\u00e4n viitt\u00e4 p\u00e4iv\u00e4\u00e4 ennen tilaisuutta \u2013&nbsp;mielell\u00e4\u00e4n jo edellisell\u00e4 viikolla.&nbsp;N\u00e4in varmistat kukkien saatavuuden! Valmistamme hautavihot sek\u00e4 muut surukukat&nbsp; aina asiakkaan toiveiden mukaan. &nbsp;Hautavihkojen lis\u00e4ksi si\u200bdomme&nbsp;arkkulaitteet ja osanottokukat. Tuotteet Hautavihot, -kimput ja seppeleet Osanottoki\u200b\u200bm\u200b\u200bput Arkkukaitteet Tekstattu surunauha Tekstattu surukortti Suruadressi Galleri\u200ba<\/p>\n","protected":false},"author":1,"featured_media":0,"parent":0,"menu_order":1,"comment_status":"closed","ping_status":"closed","template":"","meta":{"footnotes":""},"class_list":["post-91","page","type-page","status-publish","hentry"],"_links":{"self":[{"href":"https:\/\/viherkaine.fi\/index.php?rest_route=\/wp\/v2\/pages\/91","targetHints":{"allow":["GET"]}}],"collection":[{"href":"https:\/\/viherkaine.fi\/index.php?rest_route=\/wp\/v2\/pages"}],"about":[{"href":"https:\/\/viherkaine.fi\/index.php?rest_route=\/wp\/v2\/types\/page"}],"author":[{"embeddable":true,"href":"https:\/\/viherkaine.fi\/index.php?rest_route=\/wp\/v2\/users\/1"}],"replies":[{"embeddable":true,"href":"https:\/\/viherkaine.fi\/index.php?rest_route=%2Fwp%2Fv2%2Fcomments&post=91"}],"version-history":[{"count":5,"href":"https:\/\/viherkaine.fi\/index.php?rest_route=\/wp\/v2\/pages\/91\/revisions"}],"predecessor-version":[{"id":391,"href":"https:\/\/viherkaine.fi\/index.php?rest_route=\/wp\/v2\/pages\/91\/revisions\/391"}],"wp:attachment":[{"href":"https:\/\/viherkaine.fi\/index.php?rest_route=%2Fwp%2Fv2%2Fmedia&parent=91"}],"curies":[{"name":"wp","href":"https:\/\/api.w.org\/{rel}","templated":true}]}}