{"id":100,"date":"2024-11-24T14:30:59","date_gmt":"2024-11-24T14:30:59","guid":{"rendered":"https:\/\/viherkaine.fi\/public_html\/index.php\/viherrakentaminen\/"},"modified":"2025-02-16T14:41:04","modified_gmt":"2025-02-16T14:41:04","slug":"viherrakentaminen","status":"publish","type":"page","link":"https:\/\/viherkaine.fi\/?page_id=100","title":{"rendered":"VIHERRAKENTAMINEN"},"content":{"rendered":"<div class=\"\" style=\"\" >\n    \n    <section class=\"u-clearfix u-custom-color-18 u-section-2\" id=\"carousel_bc2f\">\n      <div class=\"u-clearfix u-sheet u-sheet-1\">\n        <h2 class=\"u-align-center u-hover-feature u-text u-text-1\"> Tehokas VIHERRAKENNUSTIIMI<br>-rakentaa ja suunnittelee viheralueita\u200b ymp\u00e4ri Satakuntaa.&nbsp; \n        <\/h2>\n        <div class=\"data-layout-selected u-clearfix u-expanded-width-md u-expanded-width-sm u-expanded-width-xs u-gutter-22 u-layout-wrap u-layout-wrap-1\">\n          <div class=\"u-layout\">\n            <div class=\"u-layout-col\">\n              <div class=\"u-size-60\">\n                <div class=\"u-layout-row\">\n                  <div class=\"u-align-center u-container-align-center-lg u-container-align-center-xl u-container-style u-layout-cell u-size-60 u-layout-cell-1\" data-animation-name=\"customAnimationIn\" data-animation-duration=\"1500\" data-animation-delay=\"0\">\n                    <div class=\"u-container-layout u-valign-top-md u-valign-top-sm u-valign-top-xs u-container-layout-1\">\n                      <p class=\"u-custom-font u-font-roboto-condensed u-text u-text-2\"> Suunnittelemme, rakennamme ja hoidamme pihoja sek\u00e4 ulkoalueita yli 38-vuoden kokemuksella.<br>Laadukkaat tuotteet, virheet\u00f6n ja nopea palvelu ovat toimintamme kulmakivi\u00e4.<br>Asiakkaitamme ovat kunnat, seurakunnat, suurteollisuus, rakennusliikkeet sek\u00e4 yksityiset asiakkaat.&nbsp;&nbsp; \n                      <\/p>\n                      <p class=\"u-custom-font u-font-roboto-condensed u-text u-text-3\"> Kaunis ja toimiva ymp\u00e4rist\u00f6 lis\u00e4\u00e4&nbsp;viihtyvyytt\u00e4, tekee kodistasi tai yrityksest\u00e4si sinun n\u00e4k\u00f6isesi.<\/p>\n                    <\/div>\n                  <\/div>\n                <\/div>\n              <\/div>\n            <\/div>\n          <\/div>\n        <\/div>\n        <h2 class=\"u-align-center u-text u-text-4\">\n          <a class=\"u-active-none u-border-none u-btn u-button-link u-button-style u-hover-none u-none u-text-body-color u-btn-1\" href=\"mailto:kari.sjoroos@viherkaine.fi\">\n            <span style=\"font-size: 1.25rem;\"> Ota yhteytt\u00e4 meihin<\/span>\n            <br>\n            <span style=\"font-size: 1.125rem;\">kari.sjoroos@viherkaine.fi <\/span>\n          <\/a>\n        <\/h2>\n        <div class=\"data-layout-selected u-clearfix u-expanded-width-xs u-layout-wrap u-layout-wrap-2\">\n          <div class=\"u-layout\">\n            <div class=\"u-layout-row\">\n              <div class=\"u-size-30\">\n                <div class=\"u-layout-col\">\n                  <div class=\"u-container-style u-image u-layout-cell u-size-60 u-image-1\" data-image-width=\"2048\" data-image-height=\"1536\" style=\"background-image: url(&quot;https:\/\/viherkaine.fi\/wp-content\/uploads\/2024\/11\/IMG_2794.jpg&quot;);\">\n                    <div class=\"u-container-layout u-container-layout-2\"><\/div>\n                  <\/div>\n                <\/div>\n              <\/div>\n              <div class=\"u-size-30\">\n                <div class=\"u-layout-col\">\n                  <div class=\"u-container-style u-image u-layout-cell u-size-30 u-image-2\" data-image-width=\"1600\" data-image-height=\"1200\" style=\"background-image: url(&quot;https:\/\/viherkaine.fi\/wp-content\/uploads\/2024\/11\/DED8BA96-65D4-4570-85EC-940977D301EF_L0_001-02_10_202411_07_28.jpg&quot;);\">\n                    <div class=\"u-container-layout u-container-layout-3\"><\/div>\n                  <\/div>\n                  <div class=\"u-container-style u-image u-layout-cell u-size-30 u-image-3\" data-image-width=\"3024\" data-image-height=\"4032\" style=\"background-image: url(&quot;https:\/\/viherkaine.fi\/wp-content\/uploads\/2024\/11\/IMG_8471.jpg&quot;);\">\n                    <div class=\"u-container-layout u-container-layout-4\"><\/div>\n                  <\/div>\n                <\/div>\n              <\/div>\n            <\/div>\n          <\/div>\n        <\/div>\n      <\/div>\n      \n    <\/section>\n    \n    \n    \n  \n<\/div>","protected":false},"excerpt":{"rendered":"<p>Tehokas VIHERRAKENNUSTIIMI-rakentaa ja suunnittelee viheralueita\u200b ymp\u00e4ri Satakuntaa.&nbsp; Suunnittelemme, rakennamme ja hoidamme pihoja sek\u00e4 ulkoalueita yli 38-vuoden kokemuksella.Laadukkaat tuotteet, virheet\u00f6n ja nopea palvelu ovat toimintamme kulmakivi\u00e4.Asiakkaitamme ovat kunnat, seurakunnat, suurteollisuus, rakennusliikkeet sek\u00e4 yksityiset asiakkaat.&nbsp;&nbsp; Kaunis ja toimiva ymp\u00e4rist\u00f6 lis\u00e4\u00e4&nbsp;viihtyvyytt\u00e4, tekee kodistasi tai yrityksest\u00e4si sinun n\u00e4k\u00f6isesi. Ota yhteytt\u00e4 meihin kari.sjoroos@viherkaine.fi<\/p>\n","protected":false},"author":1,"featured_media":0,"parent":0,"menu_order":10,"comment_status":"closed","ping_status":"closed","template":"","meta":{"footnotes":""},"class_list":["post-100","page","type-page","status-publish","hentry"],"_links":{"self":[{"href":"https:\/\/viherkaine.fi\/index.php?rest_route=\/wp\/v2\/pages\/100","targetHints":{"allow":["GET"]}}],"collection":[{"href":"https:\/\/viherkaine.fi\/index.php?rest_route=\/wp\/v2\/pages"}],"about":[{"href":"https:\/\/viherkaine.fi\/index.php?rest_route=\/wp\/v2\/types\/page"}],"author":[{"embeddable":true,"href":"https:\/\/viherkaine.fi\/index.php?rest_route=\/wp\/v2\/users\/1"}],"replies":[{"embeddable":true,"href":"https:\/\/viherkaine.fi\/index.php?rest_route=%2Fwp%2Fv2%2Fcomments&post=100"}],"version-history":[{"count":4,"href":"https:\/\/viherkaine.fi\/index.php?rest_route=\/wp\/v2\/pages\/100\/revisions"}],"predecessor-version":[{"id":401,"href":"https:\/\/viherkaine.fi\/index.php?rest_route=\/wp\/v2\/pages\/100\/revisions\/401"}],"wp:attachment":[{"href":"https:\/\/viherkaine.fi\/index.php?rest_route=%2Fwp%2Fv2%2Fmedia&parent=100"}],"curies":[{"name":"wp","href":"https:\/\/api.w.org\/{rel}","templated":true}]}}